{"id":6182,"date":"2019-08-29T01:55:10","date_gmt":"2019-08-28T23:55:10","guid":{"rendered":"http:\/\/zillionfilm.com\/?page_id=6182"},"modified":"2026-03-05T16:03:11","modified_gmt":"2026-03-05T15:03:11","slug":"about-us","status":"publish","type":"page","link":"https:\/\/zillionfilm.com\/en\/about-us\/","title":{"rendered":"About Us"},"content":{"rendered":"<div class=\"wpb-content-wrapper\"><div class=\"edgtf-row-grid-section-wrapper\"  ><div class=\"edgtf-row-grid-section\"><div class=\"vc_row wpb_row vc_row-fluid vc_custom_1701868297668\" ><div class=\"wpb_column vc_column_container vc_col-sm-12\"><div class=\"vc_column-inner\"><div class=\"wpb_wrapper\">\n\t<div class=\"wpb_text_column wpb_content_element\" >\n\t\t<div class=\"wpb_wrapper\">\n\t\t\t<p>Zillion Film is a Serbian production company founded in 1996. During its 30 years of existence, it has produced 26 feature films and 8 TV series. The first adventure undertaken by Lazar Ristovski was titled <em data-start=\"207\" data-end=\"219\">White Suit<\/em>. It began with great success, the film attracted over 250,000 viewers and had its premiere in 1999 at the prestigious Cannes Film Festival in the \u201cCritics\u2019 Week\u201d program. It participated in numerous renowned international festivals, winning several awards. <em data-start=\"477\" data-end=\"489\">White Suit<\/em> was also Yugoslavia\u2019s official Oscar candidate for the year 2000.<\/p>\n<p>The rest is history!<\/p>\n<p>Currently, Zillion&#8217;s films have won over 100 awards at home and abroad. They participated in the biggest festivals like Cannes, Berlin, Venice, Toronto and many others. Film co-productions are made with Croatia, Macedonia and Montenegro, and according to the number of films produced and the participation of films at foreign festivals, Zillion Film is one of the most successful production companies in Serbia.<\/p>\n\n\t\t<\/div>\n\t<\/div>\n<\/div><\/div><\/div><\/div><\/div><\/div><div data-parallax-bg-image=\"https:\/\/zillionfilm.com\/wp-content\/uploads\/2018\/04\/About-page-parallax-img.jpg\" data-parallax-bg-speed=\"1\" class=\"vc_row wpb_row vc_row-fluid edgtf-parallax-row-holder\" ><div class=\"wpb_column vc_column_container vc_col-sm-12\"><div class=\"vc_column-inner\"><div class=\"wpb_wrapper\"><div class=\"edgtf-row-grid-section-wrapper\" ><div class=\"edgtf-row-grid-section\"><div class=\"vc_row wpb_row vc_inner vc_row-fluid\" ><div class=\"wpb_column vc_column_container vc_col-sm-12 vc_col-lg-6 vc_col-md-12\"><div class=\"vc_column-inner\"><div class=\"wpb_wrapper\"><div class=\"edgtf-elements-holder   edgtf-three-columns  edgtf-responsive-mode-680\" ><div class=\"edgtf-eh-item   edgtf-horizontal-alignment-center\"  data-item-class=\"edgtf-eh-custom-2097\" data-1366-1600=\"118% 0 0 0\" data-1024-1366=\"118% 0 0 0\" data-768-1024=\"48% 0 0 0\" data-680-768=\"62% 0 0 0\" data-680=\"25% 0 0 0\">\n\t<div class=\"edgtf-eh-item-inner\">\n\t\t<div class=\"edgtf-eh-item-content edgtf-eh-custom-2097\" style=\"padding: 110% 0 0 0\">\n\t\t\t<div class=\"edgtf-counter-holder\">\n\t<div class=\"edgtf-counter-inner\" >\n\t\t\t\t\t<span class=\"edgtf-counter edgtf-zero-counter\" style=\"color: #ffffff\">30<\/span>\n\t\t\t\t\t\t\t<h6 class=\"edgtf-counter-title\" style=\"color: #ffffff\">\n\t\t\t\tYEARS\t\t\t<\/h6>\n\t\t\t\t\t<\/div>\n<\/div>\t\t<\/div>\n\t<\/div>\n<\/div><div class=\"edgtf-eh-item   edgtf-horizontal-alignment-center\"  data-item-class=\"edgtf-eh-custom-4241\" data-1366-1600=\"118% 0 0 0\" data-1024-1366=\"118% 0 0 0\" data-768-1024=\"48% 0 0 20px\" data-680-768=\"62% 0 0 0\" data-680=\"15% 0 0 0\">\n\t<div class=\"edgtf-eh-item-inner\">\n\t\t<div class=\"edgtf-eh-item-content edgtf-eh-custom-4241\" style=\"padding: 110% 0 0 0\">\n\t\t\t<div class=\"edgtf-counter-holder\">\n\t<div class=\"edgtf-counter-inner\" >\n\t\t\t\t\t<span class=\"edgtf-counter edgtf-zero-counter\" style=\"color: #ffffff\">26<\/span>\n\t\t\t\t\t\t\t<h6 class=\"edgtf-counter-title\" style=\"color: #ffffff\">\n\t\t\t\tMOVIES\t\t\t<\/h6>\n\t\t\t\t\t<\/div>\n<\/div>\t\t<\/div>\n\t<\/div>\n<\/div><div class=\"edgtf-eh-item   edgtf-horizontal-alignment-center\"  data-item-class=\"edgtf-eh-custom-2638\" data-1366-1600=\"118% 0 0 0\" data-1024-1366=\"118% 0 0 0\" data-768-1024=\"48% 0 0 20px\" data-680-768=\"62% 0 0 0\" data-680=\"15% 0 0 0\">\n\t<div class=\"edgtf-eh-item-inner\">\n\t\t<div class=\"edgtf-eh-item-content edgtf-eh-custom-2638\" style=\"padding: 110% 0 0 0\">\n\t\t\t<div class=\"edgtf-counter-holder\">\n\t<div class=\"edgtf-counter-inner\" >\n\t\t\t\t\t<span class=\"edgtf-counter edgtf-zero-counter\" style=\"color: #ffffff\">8<\/span>\n\t\t\t\t\t\t\t<h6 class=\"edgtf-counter-title\" style=\"color: #ffffff\">\n\t\t\t\tTV SERIES\t\t\t<\/h6>\n\t\t\t\t\t<\/div>\n<\/div>\t\t<\/div>\n\t<\/div>\n<\/div><div class=\"edgtf-eh-item   edgtf-horizontal-alignment-center\"  data-item-class=\"edgtf-eh-custom-4527\" data-1366-1600=\"118% 0 0 0\" data-1024-1366=\"118% 0 0 0\" data-768-1024=\"48% 0 0 20px\" data-680-768=\"62% 0 0 0\" data-680=\"15% 0 0 0\">\n\t<div class=\"edgtf-eh-item-inner\">\n\t\t<div class=\"edgtf-eh-item-content edgtf-eh-custom-4527\" style=\"padding: 110% 0 0 0\">\n\t\t\t<div class=\"edgtf-counter-holder\">\n\t<div class=\"edgtf-counter-inner\" >\n\t\t\t\t\t<span class=\"edgtf-counter edgtf-zero-counter\" style=\"color: #ffffff\">100<\/span>\n\t\t\t\t\t\t\t<h6 class=\"edgtf-counter-title\" style=\"color: #ffffff\">\n\t\t\t\tFILM AWARDS\t\t\t<\/h6>\n\t\t\t\t\t<\/div>\n<\/div>\t\t<\/div>\n\t<\/div>\n<\/div><\/div><\/div><\/div><\/div><div class=\"wpb_column vc_column_container vc_col-sm-12 vc_col-lg-6 vc_col-md-12\"><div class=\"vc_column-inner\"><div class=\"wpb_wrapper\"><div class=\"edgtf-elements-holder   edgtf-one-column  edgtf-responsive-mode-768\" ><div class=\"edgtf-eh-item\"  data-item-class=\"edgtf-eh-custom-7962\" data-1366-1600=\"19.2% 0 25.1% 12%\" data-1024-1366=\"19.2% 0 25.1% 12%\" data-768-1024=\"1% 0 18% 12%\" data-680-768=\"5% 5% 23% 12%\" data-680=\"10% 0% 30% 0%\">\n\t<div class=\"edgtf-eh-item-inner\">\n\t\t<div class=\"edgtf-eh-item-content edgtf-eh-custom-7962\" style=\"padding: 19.2% 0 24.2% 12%\">\n\t\t\t\n\t<div class=\"wpb_text_column wpb_content_element\" >\n\t\t<div class=\"wpb_wrapper\">\n\t\t\t<h4 style=\"color: #fff;\">Zillion Film<\/h4>\n\n\t\t<\/div>\n\t<\/div>\n<div class=\"vc_empty_space\"   style=\"height: 12px\"><span class=\"vc_empty_space_inner\"><\/span><\/div>\n\t<div class=\"wpb_text_column wpb_content_element\" >\n\t\t<div class=\"wpb_wrapper\">\n\t\t\t<p style=\"color: #fff;\">Zillion Film offers co-production services for shooting and preperation of feature films, shorts, documentaries, TV serias, and commercials over Serbia and Montenegro territory. We are doing script and project development, location scouting, casting, budgeting, shooting plans, script breakdowns as well as all kind of organization and logistic services.<\/p>\n\n\t\t<\/div>\n\t<\/div>\n<div class=\"vc_empty_space\"   style=\"height: 35px\"><span class=\"vc_empty_space_inner\"><\/span><\/div><a itemprop=\"url\" href=\"http:\/\/zillionfilm.com\/en\/services\" target=\"_self\" style=\"border-color: #ffffff\" class=\"edgtf-btn edgtf-btn-medium edgtf-btn-solid edgtf-btn- edgtf-btn-custom-border-hover edgtf-btn-custom-hover-color\" data-hover-color=\"#ffffff\" data-hover-border-color=\"#ffffff\" >\n    <span class=\"edgtf-btn-text\">OUR SERVICES<\/span>\n    <\/a>\t\t<\/div>\n\t<\/div>\n<\/div><\/div><\/div><\/div><\/div><\/div><\/div><\/div><\/div><\/div><\/div><\/div><div class=\"edgtf-row-grid-section-wrapper edgtf-content-aligment-center\"  ><div class=\"edgtf-row-grid-section\"><div class=\"vc_row wpb_row vc_row-fluid vc_custom_1524227024212\" ><div class=\"wpb_column vc_column_container vc_col-sm-12\"><div class=\"vc_column-inner\"><div class=\"wpb_wrapper\">\n\t<div class=\"wpb_text_column wpb_content_element\" >\n\t\t<div class=\"wpb_wrapper\">\n\t\t\t<p><span style=\"font-size: 18pt;\">For more information about our services and collaborations, visit our pages for: <a href=\"https:\/\/zillionfilm.com\/en\/production\/\"><span style=\"color: #3366ff;\">Production<\/span><\/a>, <span style=\"color: #3366ff;\"><a style=\"color: #3366ff;\" href=\"https:\/\/zillionfilm.com\/en\/co-production\/\">Co-production<\/a><\/span>, and <span style=\"color: #3366ff;\"><a style=\"color: #3366ff;\" href=\"https:\/\/zillionfilm.com\/en\/how-to-film-in-serbia\/\">Consulting<\/a><\/span>.<\/span><\/p>\n\n\t\t<\/div>\n\t<\/div>\n<div class=\"vc_empty_space\"   style=\"height: 32px\"><span class=\"vc_empty_space_inner\"><\/span><\/div><div class=\"edgtf-section-title-holder  edgtf-st-reverse edgtf-st-title-left edgtf-st-ratio-1-2 edgtf-st-large-space\" >\n\t<div class=\"edgtf-st-inner\">\n\t\t\t\t\t\t\t<h3 class=\"edgtf-st-title\" >\n\t\t\t\tOur team\t\t\t<\/h3>\n\t\t\t<\/div>\n<\/div><\/div><\/div><\/div><\/div><\/div><\/div><div class=\"edgtf-row-grid-section-wrapper\"  ><div class=\"edgtf-row-grid-section\"><div class=\"vc_row wpb_row vc_row-fluid\" ><div class=\"wpb_column vc_column_container vc_col-sm-4\"><div class=\"vc_column-inner\"><div class=\"wpb_wrapper\">\n\t<div class=\"wpb_text_column wpb_content_element\" id=\"slika-tim\">\n\t\t<div class=\"wpb_wrapper\">\n\t\t\t\r\n\t<div class=\"paoc-image-popup\">\r\n\t\t<a class=\"paoc-popup-click paoc-popup-cust-6186 paoc-popup-image paoc-popup-image\" href=\"javascript:void(0);\"><img decoding=\"async\" class=\"popupaoc-img\" src=\"http:\/\/zillionfilm.com\/wp-content\/uploads\/2019\/07\/petar-ristovski-producent-reditelj-zillion-film-300x300.jpg\" alt=\"\" \/><\/a>\r\n\r\n\t\t\t<\/div>\r\n\r\n\n\n\t\t<\/div>\n\t<\/div>\n\n\t<div class=\"wpb_text_column wpb_content_element\" >\n\t\t<div class=\"wpb_wrapper\">\n\t\t\t<p style=\"text-align: center;\"><strong>PETAR RISTOVSKI<\/strong><br \/>\nDirector | Producer<\/p>\n\n\t\t<\/div>\n\t<\/div>\n<\/div><\/div><\/div><div class=\"wpb_column vc_column_container vc_col-sm-4\"><div class=\"vc_column-inner\"><div class=\"wpb_wrapper\">\n\t<div class=\"wpb_text_column wpb_content_element\" >\n\t\t<div class=\"wpb_wrapper\">\n\t\t\t\r\n\t<div class=\"paoc-image-popup\">\r\n\t\t<a class=\"paoc-popup-click paoc-popup-cust-6187 paoc-popup-image paoc-popup-image\" href=\"javascript:void(0);\"><img decoding=\"async\" class=\"popupaoc-img\" src=\"http:\/\/zillionfilm.com\/wp-content\/uploads\/2019\/07\/lazara-ristovski-o-nama-tim-300x300.jpg\" alt=\"\" \/><\/a>\r\n\r\n\t\t\t<\/div>\r\n\r\n\n\n\t\t<\/div>\n\t<\/div>\n\n\t<div class=\"wpb_text_column wpb_content_element\" >\n\t\t<div class=\"wpb_wrapper\">\n\t\t\t<p style=\"text-align: center;\"><strong>LAZAR RISTOVSKI<\/strong><br \/>\nActor | Director | Producer | Writer<\/p>\n\n\t\t<\/div>\n\t<\/div>\n<\/div><\/div><\/div><div class=\"wpb_column vc_column_container vc_col-sm-4\"><div class=\"vc_column-inner\"><div class=\"wpb_wrapper\">\n\t<div class=\"wpb_text_column wpb_content_element\" >\n\t\t<div class=\"wpb_wrapper\">\n\t\t\t\r\n\t<div class=\"paoc-image-popup\">\r\n\t\t<a class=\"paoc-popup-click paoc-popup-cust-6188 paoc-popup-image paoc-popup-image\" href=\"javascript:void(0);\"><img decoding=\"async\" class=\"popupaoc-img\" src=\"https:\/\/zillionfilm.com\/wp-content\/uploads\/2025\/10\/Jovan1.webp\" alt=\"\" \/><\/a>\r\n\r\n\t\t\t<\/div>\r\n\r\n\n\n\t\t<\/div>\n\t<\/div>\n\n\t<div class=\"wpb_text_column wpb_content_element\" >\n\t\t<div class=\"wpb_wrapper\">\n\t\t\t<p style=\"text-align: center;\"><strong>JOVAN RISTOVSKI<\/strong><br \/>\nProjects manager<\/p>\n\n\t\t<\/div>\n\t<\/div>\n<\/div><\/div><\/div><\/div><\/div><\/div><div class=\"vc_row wpb_row vc_row-fluid\" ><div class=\"wpb_column vc_column_container vc_col-sm-12\"><div class=\"vc_column-inner\"><div class=\"wpb_wrapper\"><div class=\"vc_empty_space\"   style=\"height: 32px\"><span class=\"vc_empty_space_inner\"><\/span><\/div><\/div><\/div><\/div><\/div><div class=\"edgtf-row-grid-section-wrapper\"  ><div class=\"edgtf-row-grid-section\"><div class=\"vc_row wpb_row vc_row-fluid\" ><div class=\"wpb_column vc_column_container vc_col-sm-4\"><div class=\"vc_column-inner\"><div class=\"wpb_wrapper\">\n\t<div class=\"wpb_text_column wpb_content_element\" >\n\t\t<div class=\"wpb_wrapper\">\n\t\t\t<p style=\"text-align: center;\"><strong>LJILJANA LUKI\u0106<\/strong><\/p>\n\n\t\t<\/div>\n\t<\/div>\n<\/div><\/div><\/div><div class=\"wpb_column vc_column_container vc_col-sm-4\"><div class=\"vc_column-inner\"><div class=\"wpb_wrapper\">\n\t<div class=\"wpb_text_column wpb_content_element\" >\n\t\t<div class=\"wpb_wrapper\">\n\t\t\t<p style=\"text-align: center;\"><strong>JELENA AJKOVI\u0106<\/strong><\/p>\n\n\t\t<\/div>\n\t<\/div>\n<\/div><\/div><\/div><div class=\"wpb_column vc_column_container vc_col-sm-4\"><div class=\"vc_column-inner\"><div class=\"wpb_wrapper\">\n\t<div class=\"wpb_text_column wpb_content_element\" >\n\t\t<div class=\"wpb_wrapper\">\n\t\t\t<p style=\"text-align: center;\"><strong>MILICA \u0110OR\u0110EVI\u0106<\/strong><\/p>\n\n\t\t<\/div>\n\t<\/div>\n<\/div><\/div><\/div><\/div><\/div><\/div><div class=\"vc_row wpb_row vc_row-fluid\" ><div class=\"wpb_column vc_column_container vc_col-sm-12\"><div class=\"vc_column-inner\"><div class=\"wpb_wrapper\"><div class=\"vc_empty_space\"   style=\"height: 45px\"><span class=\"vc_empty_space_inner\"><\/span><\/div><\/div><\/div><\/div><\/div>\n<\/div>","protected":false},"excerpt":{"rendered":"Zillion Film is a Serbian production company founded in 1996. During its 30 years of existence, it [...]","protected":false},"author":1,"featured_media":0,"parent":0,"menu_order":0,"comment_status":"closed","ping_status":"closed","template":"full-width.php","meta":{"footnotes":""},"class_list":["post-6182","page","type-page","status-publish","hentry"],"yoast_head":"<!-- This site is optimized with the Yoast SEO plugin v23.6 - https:\/\/yoast.com\/wordpress\/plugins\/seo\/ -->\n<title>About Us || Zillion Film | Belgrade, Serbia<\/title>\n<meta name=\"description\" content=\"Our story begins much earlier than the year when the \u201dZillion Film\u201d officially started, on February 22, 1996.. A series of acting performances in the...\" \/>\n<meta name=\"robots\" content=\"index, follow, max-snippet:-1, max-image-preview:large, max-video-preview:-1\" \/>\n<link rel=\"canonical\" href=\"https:\/\/zillionfilm.com\/en\/about-us\/\" \/>\n<meta property=\"og:locale\" content=\"en_GB\" \/>\n<meta property=\"og:type\" content=\"article\" \/>\n<meta property=\"og:title\" content=\"About Us || Zillion Film | Belgrade, Serbia\" \/>\n<meta property=\"og:description\" content=\"Our story begins much earlier than the year when the \u201dZillion Film\u201d officially started, on February 22, 1996.. A series of acting performances in the...\" \/>\n<meta property=\"og:url\" content=\"https:\/\/zillionfilm.com\/en\/about-us\/\" \/>\n<meta property=\"og:site_name\" content=\"Zillion Film\" \/>\n<meta property=\"article:modified_time\" content=\"2026-03-05T15:03:11+00:00\" \/>\n<meta name=\"twitter:card\" content=\"summary_large_image\" \/>\n<meta name=\"twitter:label1\" content=\"Estimated reading time\" \/>\n\t<meta name=\"twitter:data1\" content=\"3 minutes\" \/>\n<script type=\"application\/ld+json\" class=\"yoast-schema-graph\">{\"@context\":\"https:\/\/schema.org\",\"@graph\":[{\"@type\":\"WebPage\",\"@id\":\"https:\/\/zillionfilm.com\/en\/about-us\/\",\"url\":\"https:\/\/zillionfilm.com\/en\/about-us\/\",\"name\":\"About Us || Zillion Film | Belgrade, Serbia\",\"isPartOf\":{\"@id\":\"https:\/\/zillionfilm.com\/en\/#website\"},\"datePublished\":\"2019-08-28T23:55:10+00:00\",\"dateModified\":\"2026-03-05T15:03:11+00:00\",\"description\":\"Our story begins much earlier than the year when the \u201dZillion Film\u201d officially started, on February 22, 1996.. A series of acting performances in the...\",\"breadcrumb\":{\"@id\":\"https:\/\/zillionfilm.com\/en\/about-us\/#breadcrumb\"},\"inLanguage\":\"en-GB\",\"potentialAction\":[{\"@type\":\"ReadAction\",\"target\":[\"https:\/\/zillionfilm.com\/en\/about-us\/\"]}]},{\"@type\":\"BreadcrumbList\",\"@id\":\"https:\/\/zillionfilm.com\/en\/about-us\/#breadcrumb\",\"itemListElement\":[{\"@type\":\"ListItem\",\"position\":1,\"name\":\"Home\",\"item\":\"https:\/\/zillionfilm.com\/en\/home\/\"},{\"@type\":\"ListItem\",\"position\":2,\"name\":\"About Us\"}]},{\"@type\":\"WebSite\",\"@id\":\"https:\/\/zillionfilm.com\/en\/#website\",\"url\":\"https:\/\/zillionfilm.com\/en\/\",\"name\":\"Zillion Film\",\"description\":\"Producentska ku\u0107a\",\"potentialAction\":[{\"@type\":\"SearchAction\",\"target\":{\"@type\":\"EntryPoint\",\"urlTemplate\":\"https:\/\/zillionfilm.com\/en\/?s={search_term_string}\"},\"query-input\":{\"@type\":\"PropertyValueSpecification\",\"valueRequired\":true,\"valueName\":\"search_term_string\"}}],\"inLanguage\":\"en-GB\"}]}<\/script>\n<!-- \/ Yoast SEO plugin. -->","yoast_head_json":{"title":"About Us || Zillion Film | Belgrade, Serbia","description":"Our story begins much earlier than the year when the \u201dZillion Film\u201d officially started, on February 22, 1996.. A series of acting performances in the...","robots":{"index":"index","follow":"follow","max-snippet":"max-snippet:-1","max-image-preview":"max-image-preview:large","max-video-preview":"max-video-preview:-1"},"canonical":"https:\/\/zillionfilm.com\/en\/about-us\/","og_locale":"en_GB","og_type":"article","og_title":"About Us || Zillion Film | Belgrade, Serbia","og_description":"Our story begins much earlier than the year when the \u201dZillion Film\u201d officially started, on February 22, 1996.. A series of acting performances in the...","og_url":"https:\/\/zillionfilm.com\/en\/about-us\/","og_site_name":"Zillion Film","article_modified_time":"2026-03-05T15:03:11+00:00","twitter_card":"summary_large_image","twitter_misc":{"Estimated reading time":"3 minutes"},"schema":{"@context":"https:\/\/schema.org","@graph":[{"@type":"WebPage","@id":"https:\/\/zillionfilm.com\/en\/about-us\/","url":"https:\/\/zillionfilm.com\/en\/about-us\/","name":"About Us || Zillion Film | Belgrade, Serbia","isPartOf":{"@id":"https:\/\/zillionfilm.com\/en\/#website"},"datePublished":"2019-08-28T23:55:10+00:00","dateModified":"2026-03-05T15:03:11+00:00","description":"Our story begins much earlier than the year when the \u201dZillion Film\u201d officially started, on February 22, 1996.. A series of acting performances in the...","breadcrumb":{"@id":"https:\/\/zillionfilm.com\/en\/about-us\/#breadcrumb"},"inLanguage":"en-GB","potentialAction":[{"@type":"ReadAction","target":["https:\/\/zillionfilm.com\/en\/about-us\/"]}]},{"@type":"BreadcrumbList","@id":"https:\/\/zillionfilm.com\/en\/about-us\/#breadcrumb","itemListElement":[{"@type":"ListItem","position":1,"name":"Home","item":"https:\/\/zillionfilm.com\/en\/home\/"},{"@type":"ListItem","position":2,"name":"About Us"}]},{"@type":"WebSite","@id":"https:\/\/zillionfilm.com\/en\/#website","url":"https:\/\/zillionfilm.com\/en\/","name":"Zillion Film","description":"Producentska ku\u0107a","potentialAction":[{"@type":"SearchAction","target":{"@type":"EntryPoint","urlTemplate":"https:\/\/zillionfilm.com\/en\/?s={search_term_string}"},"query-input":{"@type":"PropertyValueSpecification","valueRequired":true,"valueName":"search_term_string"}}],"inLanguage":"en-GB"}]}},"rttpg_featured_image_url":null,"rttpg_author":{"display_name":"ZillionFilm","author_link":"https:\/\/zillionfilm.com\/en\/author\/adminzillion\/"},"rttpg_comment":0,"rttpg_category":" <a href=\"https:\/\/zillionfilm.com\/en\/\" rel=\"tag\">English<\/a>","rttpg_excerpt":null,"_links":{"self":[{"href":"https:\/\/zillionfilm.com\/en\/wp-json\/wp\/v2\/pages\/6182"}],"collection":[{"href":"https:\/\/zillionfilm.com\/en\/wp-json\/wp\/v2\/pages"}],"about":[{"href":"https:\/\/zillionfilm.com\/en\/wp-json\/wp\/v2\/types\/page"}],"author":[{"embeddable":true,"href":"https:\/\/zillionfilm.com\/en\/wp-json\/wp\/v2\/users\/1"}],"replies":[{"embeddable":true,"href":"https:\/\/zillionfilm.com\/en\/wp-json\/wp\/v2\/comments?post=6182"}],"version-history":[{"count":28,"href":"https:\/\/zillionfilm.com\/en\/wp-json\/wp\/v2\/pages\/6182\/revisions"}],"predecessor-version":[{"id":10459,"href":"https:\/\/zillionfilm.com\/en\/wp-json\/wp\/v2\/pages\/6182\/revisions\/10459"}],"wp:attachment":[{"href":"https:\/\/zillionfilm.com\/en\/wp-json\/wp\/v2\/media?parent=6182"}],"curies":[{"name":"wp","href":"https:\/\/api.w.org\/{rel}","templated":true}]}}