{"id":9610,"date":"2025-07-12T19:42:42","date_gmt":"2025-07-12T17:42:42","guid":{"rendered":"https:\/\/zillionfilm.com\/?page_id=9610"},"modified":"2025-09-28T19:19:16","modified_gmt":"2025-09-28T17:19:16","slug":"accomplices","status":"publish","type":"page","link":"https:\/\/zillionfilm.com\/en\/accomplices\/","title":{"rendered":"Accomplices"},"content":{"rendered":"<div class=\"wpb-content-wrapper\"><div class=\"edgtf-row-grid-section-wrapper\"  ><div class=\"edgtf-row-grid-section\"><div id=\"plakat-i-sinopsis\" class=\"vc_row wpb_row vc_row-fluid\" ><div class=\"wpb_column vc_column_container vc_col-sm-12\"><div class=\"vc_column-inner\"><div class=\"wpb_wrapper\"><div class=\"vc_empty_space\"   style=\"height: 45px\"><span class=\"vc_empty_space_inner\"><\/span><\/div><\/div><\/div><\/div><\/div><\/div><\/div><div class=\"edgtf-row-grid-section-wrapper\"  ><div class=\"edgtf-row-grid-section\"><div class=\"vc_row wpb_row vc_row-fluid\" ><div class=\"wpb_column vc_column_container vc_col-sm-6\"><div class=\"vc_column-inner\"><div class=\"wpb_wrapper\">\n\t<div  class=\"wpb_single_image wpb_content_element vc_align_center wpb_content_element\">\n\t\t\n\t\t<figure class=\"wpb_wrapper vc_figure\">\n\t\t\t<a class=\"\" data-lightbox=\"lightbox[rel-9610-1225138529]\" href=\"https:\/\/zillionfilm.com\/wp-content\/uploads\/2025\/09\/B1-Saucesnici-poster_Arpa-International-Film-Festival-1-1.webp\" target=\"_self\"><img decoding=\"async\" src=\"https:\/\/zillionfilm.com\/wp-content\/uploads\/2025\/09\/B1-Saucesnici-poster_Arpa-International-Film-Festival-1-1.webp\" class=\"vc_single_image-img attachment-full\" alt=\"\" title=\"B1 Saucesnici poster_Arpa International Film Festival-1\" \/><\/a>\n\t\t<\/figure>\n\t<\/div>\n<\/div><\/div><\/div><div class=\"wpb_column vc_column_container vc_col-sm-6\"><div class=\"vc_column-inner\"><div class=\"wpb_wrapper\">\n\t<div class=\"wpb_text_column wpb_content_element\" >\n\t\t<div class=\"wpb_wrapper\">\n\t\t\t<p>Sofia and Branko&#8217;s idyllic life is shattered after a car accident. Branko&#8217;s influence in their small town shields them from consequences, but Sofia struggles to accept the reality. Their haunting guilt strains their relationship, leading to a series of unexpected events.<\/p>\n\n\t\t<\/div>\n\t<\/div>\n<div class=\"vc_empty_space\"   style=\"height: 25px\"><span class=\"vc_empty_space_inner\"><\/span><\/div><div class=\"vc_separator wpb_content_element vc_separator_align_center vc_sep_width_100 vc_sep_border_width_2 vc_sep_pos_align_center vc_separator_no_text vc_sep_color_grey wpb_content_element  wpb_content_element\" ><span class=\"vc_sep_holder vc_sep_holder_l\"><span class=\"vc_sep_line\"><\/span><\/span><span class=\"vc_sep_holder vc_sep_holder_r\"><span class=\"vc_sep_line\"><\/span><\/span>\n<\/div><div class=\"vc_empty_space\"   style=\"height: 25px\"><span class=\"vc_empty_space_inner\"><\/span><\/div>\n\t<div class=\"wpb_text_column wpb_content_element\" >\n\t\t<div class=\"wpb_wrapper\">\n\t\t\t<p><strong>Director:<\/strong> Marko Novakovi\u0107<br \/>\n<strong>Screenwriter:<\/strong>\u00a0Ognjen Obradovi\u0107<br \/>\n<strong>Producer: <\/strong>Lazar Ristovski<br \/>\n<strong>Co-Producers: <\/strong>Ivan Malo\u010da, Robert Naskov<br \/>\n<strong>Director of Photography:<\/strong> Bojan Raki\u0107<br \/>\n<strong>Editor:<\/strong> Petar \u0160umonja<br \/>\n<strong>Production Designer:<\/strong> Irena Marjanov<br \/>\n<strong>Costume Designer:<\/strong>\u00a0Sne\u017eana Karl<br \/>\n<strong>Sound Designer:<\/strong> Velibor Hajdukovi\u0107, Neboj\u0161a Zori\u0107<br \/>\n<strong>Makeup Artist: <\/strong>Nina Ili\u0107<br \/>\n<strong>Visual Effects:<\/strong> Bogdan Marjanovi\u0107-Dreamdust VFX<br \/>\n<strong>Special Effects:<\/strong> Danilo Dudi\u0107, Zoran Popovi\u0107, \u017darko Dudi\u0107<br \/>\n<strong>Production Companies:<\/strong>\u00a0Zillion film<br \/>\n<strong>Co-Production: <\/strong>Inter film, Partysans<\/p>\n\n\t\t<\/div>\n\t<\/div>\n<div class=\"vc_empty_space\"   style=\"height: 25px\"><span class=\"vc_empty_space_inner\"><\/span><\/div><div class=\"vc_separator wpb_content_element vc_separator_align_center vc_sep_width_100 vc_sep_border_width_2 vc_sep_pos_align_center vc_separator_no_text vc_sep_color_grey wpb_content_element  wpb_content_element\" ><span class=\"vc_sep_holder vc_sep_holder_l\"><span class=\"vc_sep_line\"><\/span><\/span><span class=\"vc_sep_holder vc_sep_holder_r\"><span class=\"vc_sep_line\"><\/span><\/span>\n<\/div><div class=\"vc_empty_space\"   style=\"height: 25px\"><span class=\"vc_empty_space_inner\"><\/span><\/div>\n\t<div class=\"wpb_text_column wpb_content_element\" >\n\t\t<div class=\"wpb_wrapper\">\n\t\t\t<p><strong>Cast:<\/strong><\/p>\n<p>Radovan Vujovic\u0301, Nevena Nerandz\u030cic\u0301, Zlatan Vidovic\u0301, Milica Janevski, Anica Dobra&#8230;<\/p>\n\n\t\t<\/div>\n\t<\/div>\n<\/div><\/div><\/div><\/div><\/div><\/div><div class=\"edgtf-row-grid-section-wrapper\"  ><div class=\"edgtf-row-grid-section\"><div id=\"reditelj\" class=\"vc_row wpb_row vc_row-fluid\" ><div class=\"wpb_column vc_column_container vc_col-sm-12\"><div class=\"vc_column-inner\"><div class=\"wpb_wrapper\"><div class=\"vc_empty_space\"   style=\"height: 32px\"><span class=\"vc_empty_space_inner\"><\/span><\/div><h2 style=\"text-align: center\" class=\"vc_custom_heading vc_do_custom_heading\" >Director<\/h2><div class=\"vc_separator wpb_content_element vc_separator_align_center vc_sep_width_100 vc_sep_pos_align_center vc_separator_no_text vc_sep_color_grey wpb_content_element  wpb_content_element\" ><span class=\"vc_sep_holder vc_sep_holder_l\"><span class=\"vc_sep_line\"><\/span><\/span><span class=\"vc_sep_holder vc_sep_holder_r\"><span class=\"vc_sep_line\"><\/span><\/span>\n<\/div><\/div><\/div><\/div><\/div><\/div><\/div><div class=\"edgtf-row-grid-section-wrapper\"  ><div class=\"edgtf-row-grid-section\"><div class=\"vc_row wpb_row vc_row-fluid\" ><div class=\"wpb_column vc_column_container vc_col-sm-12\"><div class=\"vc_column-inner\"><div class=\"wpb_wrapper\">\n\t<div class=\"wpb_text_column wpb_content_element\" >\n\t\t<div class=\"wpb_wrapper\">\n\t\t\t<p><img fetchpriority=\"high\" decoding=\"async\" class=\"wp-image-9604 alignleft\" src=\"https:\/\/zillionfilm.com\/wp-content\/uploads\/2025\/07\/2025-07-10-13_30_08-Marko-Novakovic-Contact-Info-Agent-Manager-_-IMDbPro.png\" alt=\"\" width=\"261\" height=\"360\" \/><strong>Marko Novakovi\u0107<\/strong><br \/>\n<em>\/director\/<\/em><\/p>\n<p>&nbsp;<\/p>\n<p>Marko Novakovic\u0301 was born in Belgrade in 1971. He graduated in MultimediaDirecting from the Academy of Arts in Novi Sad in 1994. His first feature film,\u201cNeko me ipak \u010deka\u201d, was made in 2009 and won numerous awards. His secondfilm \u201cZverinjak\u201d (2012), and third, \u201cBez stepenika\u201d (2015), was also successful at domestic and international festivals. He also directed the TV drama \u201cMaska\u201c(2007), documentaryf iction films, and many other projects. He is a member of theSerbian Film Artists Association.<\/p>\n\n\t\t<\/div>\n\t<\/div>\n<div class=\"vc_empty_space\"   style=\"height: 32px\"><span class=\"vc_empty_space_inner\"><\/span><\/div><\/div><\/div><\/div><\/div><\/div><\/div>\n<\/div>","protected":false},"excerpt":{"rendered":"Sofia and Branko's idyllic life is shattered after a car accident. Branko's influence in their small town [...]","protected":false},"author":1,"featured_media":9606,"parent":0,"menu_order":0,"comment_status":"closed","ping_status":"closed","template":"full-width.php","meta":{"footnotes":""},"class_list":["post-9610","page","type-page","status-publish","has-post-thumbnail","hentry"],"yoast_head":"<!-- This site is optimized with the Yoast SEO plugin v23.6 - https:\/\/yoast.com\/wordpress\/plugins\/seo\/ -->\n<title>Film &#039;&#039;Accomplices&#039;&#039; || Zillion film<\/title>\n<meta name=\"robots\" content=\"index, follow, max-snippet:-1, max-image-preview:large, max-video-preview:-1\" \/>\n<link rel=\"canonical\" href=\"https:\/\/zillionfilm.com\/en\/accomplices\/\" \/>\n<meta property=\"og:locale\" content=\"en_GB\" \/>\n<meta property=\"og:type\" content=\"article\" \/>\n<meta property=\"og:title\" content=\"Film &#039;&#039;Accomplices&#039;&#039; || Zillion film\" \/>\n<meta property=\"og:url\" content=\"https:\/\/zillionfilm.com\/en\/accomplices\/\" \/>\n<meta property=\"og:site_name\" content=\"Zillion Film\" \/>\n<meta property=\"article:modified_time\" content=\"2025-09-28T17:19:16+00:00\" \/>\n<meta property=\"og:image\" content=\"https:\/\/zillionfilm.com\/wp-content\/uploads\/2025\/07\/Saucesnici.1.png\" \/>\n\t<meta property=\"og:image:width\" content=\"1319\" \/>\n\t<meta property=\"og:image:height\" content=\"711\" \/>\n\t<meta property=\"og:image:type\" content=\"image\/png\" \/>\n<meta name=\"twitter:card\" content=\"summary_large_image\" \/>\n<meta name=\"twitter:label1\" content=\"Estimated reading time\" \/>\n\t<meta name=\"twitter:data1\" content=\"2 minutes\" \/>\n<script type=\"application\/ld+json\" class=\"yoast-schema-graph\">{\"@context\":\"https:\/\/schema.org\",\"@graph\":[{\"@type\":\"WebPage\",\"@id\":\"https:\/\/zillionfilm.com\/en\/accomplices\/\",\"url\":\"https:\/\/zillionfilm.com\/en\/accomplices\/\",\"name\":\"Film ''Accomplices'' || Zillion film\",\"isPartOf\":{\"@id\":\"https:\/\/zillionfilm.com\/en\/#website\"},\"primaryImageOfPage\":{\"@id\":\"https:\/\/zillionfilm.com\/en\/accomplices\/#primaryimage\"},\"image\":{\"@id\":\"https:\/\/zillionfilm.com\/en\/accomplices\/#primaryimage\"},\"thumbnailUrl\":\"https:\/\/zillionfilm.com\/wp-content\/uploads\/2025\/07\/Saucesnici.1.png\",\"datePublished\":\"2025-07-12T17:42:42+00:00\",\"dateModified\":\"2025-09-28T17:19:16+00:00\",\"breadcrumb\":{\"@id\":\"https:\/\/zillionfilm.com\/en\/accomplices\/#breadcrumb\"},\"inLanguage\":\"en-GB\",\"potentialAction\":[{\"@type\":\"ReadAction\",\"target\":[\"https:\/\/zillionfilm.com\/en\/accomplices\/\"]}]},{\"@type\":\"ImageObject\",\"inLanguage\":\"en-GB\",\"@id\":\"https:\/\/zillionfilm.com\/en\/accomplices\/#primaryimage\",\"url\":\"https:\/\/zillionfilm.com\/wp-content\/uploads\/2025\/07\/Saucesnici.1.png\",\"contentUrl\":\"https:\/\/zillionfilm.com\/wp-content\/uploads\/2025\/07\/Saucesnici.1.png\",\"width\":1319,\"height\":711},{\"@type\":\"BreadcrumbList\",\"@id\":\"https:\/\/zillionfilm.com\/en\/accomplices\/#breadcrumb\",\"itemListElement\":[{\"@type\":\"ListItem\",\"position\":1,\"name\":\"Home\",\"item\":\"https:\/\/zillionfilm.com\/en\/home\/\"},{\"@type\":\"ListItem\",\"position\":2,\"name\":\"Accomplices\"}]},{\"@type\":\"WebSite\",\"@id\":\"https:\/\/zillionfilm.com\/en\/#website\",\"url\":\"https:\/\/zillionfilm.com\/en\/\",\"name\":\"Zillion Film\",\"description\":\"Producentska ku\u0107a\",\"potentialAction\":[{\"@type\":\"SearchAction\",\"target\":{\"@type\":\"EntryPoint\",\"urlTemplate\":\"https:\/\/zillionfilm.com\/en\/?s={search_term_string}\"},\"query-input\":{\"@type\":\"PropertyValueSpecification\",\"valueRequired\":true,\"valueName\":\"search_term_string\"}}],\"inLanguage\":\"en-GB\"}]}<\/script>\n<!-- \/ Yoast SEO plugin. -->","yoast_head_json":{"title":"Film ''Accomplices'' || Zillion film","robots":{"index":"index","follow":"follow","max-snippet":"max-snippet:-1","max-image-preview":"max-image-preview:large","max-video-preview":"max-video-preview:-1"},"canonical":"https:\/\/zillionfilm.com\/en\/accomplices\/","og_locale":"en_GB","og_type":"article","og_title":"Film ''Accomplices'' || Zillion film","og_url":"https:\/\/zillionfilm.com\/en\/accomplices\/","og_site_name":"Zillion Film","article_modified_time":"2025-09-28T17:19:16+00:00","og_image":[{"width":1319,"height":711,"url":"https:\/\/zillionfilm.com\/wp-content\/uploads\/2025\/07\/Saucesnici.1.png","type":"image\/png"}],"twitter_card":"summary_large_image","twitter_misc":{"Estimated reading time":"2 minutes"},"schema":{"@context":"https:\/\/schema.org","@graph":[{"@type":"WebPage","@id":"https:\/\/zillionfilm.com\/en\/accomplices\/","url":"https:\/\/zillionfilm.com\/en\/accomplices\/","name":"Film ''Accomplices'' || Zillion film","isPartOf":{"@id":"https:\/\/zillionfilm.com\/en\/#website"},"primaryImageOfPage":{"@id":"https:\/\/zillionfilm.com\/en\/accomplices\/#primaryimage"},"image":{"@id":"https:\/\/zillionfilm.com\/en\/accomplices\/#primaryimage"},"thumbnailUrl":"https:\/\/zillionfilm.com\/wp-content\/uploads\/2025\/07\/Saucesnici.1.png","datePublished":"2025-07-12T17:42:42+00:00","dateModified":"2025-09-28T17:19:16+00:00","breadcrumb":{"@id":"https:\/\/zillionfilm.com\/en\/accomplices\/#breadcrumb"},"inLanguage":"en-GB","potentialAction":[{"@type":"ReadAction","target":["https:\/\/zillionfilm.com\/en\/accomplices\/"]}]},{"@type":"ImageObject","inLanguage":"en-GB","@id":"https:\/\/zillionfilm.com\/en\/accomplices\/#primaryimage","url":"https:\/\/zillionfilm.com\/wp-content\/uploads\/2025\/07\/Saucesnici.1.png","contentUrl":"https:\/\/zillionfilm.com\/wp-content\/uploads\/2025\/07\/Saucesnici.1.png","width":1319,"height":711},{"@type":"BreadcrumbList","@id":"https:\/\/zillionfilm.com\/en\/accomplices\/#breadcrumb","itemListElement":[{"@type":"ListItem","position":1,"name":"Home","item":"https:\/\/zillionfilm.com\/en\/home\/"},{"@type":"ListItem","position":2,"name":"Accomplices"}]},{"@type":"WebSite","@id":"https:\/\/zillionfilm.com\/en\/#website","url":"https:\/\/zillionfilm.com\/en\/","name":"Zillion Film","description":"Producentska ku\u0107a","potentialAction":[{"@type":"SearchAction","target":{"@type":"EntryPoint","urlTemplate":"https:\/\/zillionfilm.com\/en\/?s={search_term_string}"},"query-input":{"@type":"PropertyValueSpecification","valueRequired":true,"valueName":"search_term_string"}}],"inLanguage":"en-GB"}]}},"rttpg_featured_image_url":{"full":["https:\/\/zillionfilm.com\/wp-content\/uploads\/2025\/07\/Saucesnici.1.png",1319,711,false],"landscape":["https:\/\/zillionfilm.com\/wp-content\/uploads\/2025\/07\/Saucesnici.1.png",1319,711,false],"portraits":["https:\/\/zillionfilm.com\/wp-content\/uploads\/2025\/07\/Saucesnici.1.png",1319,711,false],"thumbnail":["https:\/\/zillionfilm.com\/wp-content\/uploads\/2025\/07\/Saucesnici.1-150x150.png",150,150,true],"medium":["https:\/\/zillionfilm.com\/wp-content\/uploads\/2025\/07\/Saucesnici.1-300x162.png",300,162,true],"large":["https:\/\/zillionfilm.com\/wp-content\/uploads\/2025\/07\/Saucesnici.1-1024x552.png",1024,552,true],"1536x1536":["https:\/\/zillionfilm.com\/wp-content\/uploads\/2025\/07\/Saucesnici.1.png",1319,711,false],"2048x2048":["https:\/\/zillionfilm.com\/wp-content\/uploads\/2025\/07\/Saucesnici.1.png",1319,711,false],"trp-custom-language-flag":["https:\/\/zillionfilm.com\/wp-content\/uploads\/2025\/07\/Saucesnici.1-18x10.png",18,10,true],"cinerama_edge_image_square":["https:\/\/zillionfilm.com\/wp-content\/uploads\/2025\/07\/Saucesnici.1-550x550.png",550,550,true],"cinerama_edge_image_landscape":["https:\/\/zillionfilm.com\/wp-content\/uploads\/2025\/07\/Saucesnici.1-1100x550.png",1100,550,true],"cinerama_edge_image_portrait":["https:\/\/zillionfilm.com\/wp-content\/uploads\/2025\/07\/Saucesnici.1-550x711.png",550,711,true],"cinerama_edge_image_huge":["https:\/\/zillionfilm.com\/wp-content\/uploads\/2025\/07\/Saucesnici.1-1100x711.png",1100,711,true],"jag_vc_tm":["https:\/\/zillionfilm.com\/wp-content\/uploads\/2025\/07\/Saucesnici.1-320x320.png",320,320,true],"woocommerce_thumbnail":["https:\/\/zillionfilm.com\/wp-content\/uploads\/2025\/07\/Saucesnici.1-300x162.png",300,162,true],"woocommerce_single":["https:\/\/zillionfilm.com\/wp-content\/uploads\/2025\/07\/Saucesnici.1-600x323.png",600,323,true],"woocommerce_gallery_thumbnail":["https:\/\/zillionfilm.com\/wp-content\/uploads\/2025\/07\/Saucesnici.1-100x100.png",100,100,true]},"rttpg_author":{"display_name":"ZillionFilm","author_link":"https:\/\/zillionfilm.com\/en\/author\/adminzillion\/"},"rttpg_comment":0,"rttpg_category":" <a href=\"https:\/\/zillionfilm.com\/en\/\" rel=\"tag\">English<\/a>","rttpg_excerpt":null,"_links":{"self":[{"href":"https:\/\/zillionfilm.com\/en\/wp-json\/wp\/v2\/pages\/9610"}],"collection":[{"href":"https:\/\/zillionfilm.com\/en\/wp-json\/wp\/v2\/pages"}],"about":[{"href":"https:\/\/zillionfilm.com\/en\/wp-json\/wp\/v2\/types\/page"}],"author":[{"embeddable":true,"href":"https:\/\/zillionfilm.com\/en\/wp-json\/wp\/v2\/users\/1"}],"replies":[{"embeddable":true,"href":"https:\/\/zillionfilm.com\/en\/wp-json\/wp\/v2\/comments?post=9610"}],"version-history":[{"count":3,"href":"https:\/\/zillionfilm.com\/en\/wp-json\/wp\/v2\/pages\/9610\/revisions"}],"predecessor-version":[{"id":9754,"href":"https:\/\/zillionfilm.com\/en\/wp-json\/wp\/v2\/pages\/9610\/revisions\/9754"}],"wp:featuredmedia":[{"embeddable":true,"href":"https:\/\/zillionfilm.com\/en\/wp-json\/wp\/v2\/media\/9606"}],"wp:attachment":[{"href":"https:\/\/zillionfilm.com\/en\/wp-json\/wp\/v2\/media?parent=9610"}],"curies":[{"name":"wp","href":"https:\/\/api.w.org\/{rel}","templated":true}]}}